{"id":4991,"date":"2025-11-27T10:53:51","date_gmt":"2025-11-27T09:53:51","guid":{"rendered":"https:\/\/kosi.energy\/?page_id=4991"},"modified":"2025-12-10T12:08:32","modified_gmt":"2025-12-10T11:08:32","slug":"accessibilita","status":"publish","type":"page","link":"https:\/\/kosi.energy\/it\/accessibilita\/","title":{"rendered":"Accessibilit\u00e0"},"content":{"rendered":"\t\t<div data-elementor-type=\"wp-page\" data-elementor-id=\"4991\" class=\"elementor elementor-4991 elementor-4990\" data-elementor-post-type=\"page\">\n\t\t\t\t<div class=\"elementor-element elementor-element-3eaf2cf e-con-full e-flex e-con e-parent\" data-id=\"3eaf2cf\" data-element_type=\"container\" data-e-type=\"container\">\n\t\t\t\t<div class=\"elementor-element elementor-element-194c8c1 elementor-widget elementor-widget-text-editor\" data-id=\"194c8c1\" data-element_type=\"widget\" data-e-type=\"widget\" data-widget_type=\"text-editor.default\">\n\t\t\t\t<div class=\"elementor-widget-container\">\n\t\t\t\t\t\t\t\t\t<h1>Dichiarazione sull&#8217;accessibilit\u00e0 del sito web per i privati ai sensi dell&#8217;articolo 3, comma 1-bis, della Legge 9 gennaio 2004, n. 4<\/h1><h2>Informazioni generali<\/h2><p>KOSTNER GmbH<br>Plattnerstra\u00dfe 4<br>I-39040 Vahrn (BZ)<\/p><p><strong>Rappresentato da:<\/strong><br>Andreas Kostner<\/p><p><strong>Presidente del consiglio di vigilanza:<\/strong><br>Andreas Kostner<\/p><h2>Contatto<\/h2><p>Telefono: +39 0472 979650<br>E-mail: <a href=\"mailto:info@kosi.energy\">info@kosi.energy<\/a><br>Sito web: <a href=\"https:\/\/kosi.energy\/it\/\">https:\/\/kosi.energy\/<\/a><\/p><h2>Ambito di applicazione di questa dichiarazione<\/h2><p>La presente dichiarazione si applica al sito web <a href=\"https:\/\/kosi.energy\/it\/\">https:\/\/kosi.energy\/<\/a><\/p><h2>Descrizione del servizio<\/h2><p>KOSI \u00e8 un fornitore di elettricit\u00e0 verde dell&#8217;Alto Adige. Sul sito web troverai informazioni sulla nostra energia verde, sul cambio di fornitore di energia elettrica e sui consigli per il risparmio energetico. Puoi sottoscrivere un contratto di energia elettrica con noi e, se necessario, cambiare il tuo attuale fornitore di energia elettrica. Puoi anche utilizzare il nostro modulo di contatto per metterti in contatto con noi se hai domande che non trovano risposta nelle nostre esaurienti FAQ. Il nostro portale clienti per la gestione del tuo contratto di energia elettrica con KOSI \u00e8 inoltre collegato al nostro sito web.    <\/p><h2>Stato di compatibilit\u00e0 con i requisiti<\/h2><p>Questo sito web si impegna a rispettare le Linee Guida per l&#8217;Accessibilit\u00e0 dei Contenuti Web (WCAG) 2.1 Livello AA. L&#8217;accessibilit\u00e0 \u00e8 in continuo miglioramento. <\/p><h3>Grado di conformit\u00e0 attuale<\/h3><p>Parzialmente conforme &#8211; il sito web soddisfa solo parzialmente i requisiti dell&#8217;Allegato A della norma UNI CEI EN 301549 a causa delle non conformit\u00e0 elencate di seguito.<\/p><h2>Contenuti non accessibili<\/h2><p>I seguenti contenuti non sono ancora completamente accessibili per i seguenti motivi:<\/p><h3>Restrizioni note:<\/h3><ul><li>Il colore del testo e dello sfondo dei singoli elementi di contenuto hanno un contrasto troppo basso<\/li><li>In alcune pagine vengono utilizzati pi\u00f9 volte gli stessi ID HTML<\/li><li>Ci sono iFrames senza attributo title (da Hotjar, uno strumento di analisi del sito web che non \u00e8 necessario per interagire con il sito)<\/li><li>Elementi del modulo senza attributi label o aria (modulo di contatto)<\/li><\/ul><h3>Miglioramenti previsti:<\/h3><p>Lavoriamo continuamente per migliorare l&#8217;accessibilit\u00e0 e stiamo pianificando le seguenti misure:<\/p><ul><li>Garantire il contrasto di tutti gli elementi di contenuto alla prossima revisione del design aziendale.<\/li><li>Modulo di contatto con etichettatura corretta o attributi aria<ul><li>Se hai problemi con il nostro modulo di contatto, contattaci direttamente via e-mail: <a href=\"mailto:info@kosi.energy\">info@kosi.energy<\/a><\/li><\/ul><\/li><\/ul><h2>Contatti per un feedback sull&#8217;accessibilit\u00e0<\/h2><div><p>In caso di ostacoli o suggerimenti per il miglioramento:<\/p><p>Telefono: +39 0472 979650<br>E-mail: <a href=\"mailto:info@kosi.energy\">info@kosi.energy<\/a><br>Posta: KOSTNER GmbH, Plattnerstra\u00dfe 4, 39040 Vahrn (BZ), Alto Adige &#8211; Italia<\/p><p><strong>Ci impegneremo a elaborare la tua richiesta entro 14 giorni.<\/strong><\/p><h2>Procedimenti esecutivi<\/h2><p>Se non sei soddisfatto della risposta, puoi contattare le seguenti organizzazioni:<\/p><\/div><h3>Centro di arbitrato<\/h3><div><p><strong>Agenzia per l&#8217;Italia Digitale (AgID)<br><\/strong>Via Liszt 21, 00144 Roma<br>Telefono: 06852641<br>Email: <a href=\"mailto:direzione.generale@agid.gov.it\">direzione.generale@agid.gov.it<\/a><br>Modulo di reclamo: <a href=\"https:\/\/form.agid.gov.it\" target=\"_blank\" rel=\"noopener\">https:\/\/form.agid.gov.it<\/a><br>(Dopo 30 giorni senza una risposta soddisfacente)<\/p><\/div><h2>Creazione e aggiornamento<\/h2><p>Creato il: 27.11.2025<br>Ultimo controllo: 02.12.2025<br>Metodo di test: Autovalutazione e test automatici (WCAG2AA con pa11y)<\/p><p>Questa dichiarazione viene regolarmente rivista e aggiornata in caso di modifiche significative al sito web.<\/p>\t\t\t\t\t\t\t\t<\/div>\n\t\t\t\t<\/div>\n\t\t\t\t<\/div>\n\t\t\t\t<\/div>\n\t\t","protected":false},"excerpt":{"rendered":"<p>Dichiarazione sull&#8217;accessibilit\u00e0 del sito web per i privati ai sensi dell&#8217;articolo 3, comma 1-bis, della Legge 9 gennaio 2004, n. 4 Informazioni generali KOSTNER GmbHPlattnerstra\u00dfe 4I-39040 Vahrn (BZ) Rappresentato da:Andreas Kostner Presidente del consiglio di vigilanza:Andreas Kostner Contatto Telefono: +39 0472 979650E-mail: info@kosi.energySito web: https:\/\/kosi.energy\/ Ambito di applicazione di questa dichiarazione La presente dichiarazione si [&hellip;]<\/p>\n","protected":false},"author":4,"featured_media":0,"parent":0,"menu_order":0,"comment_status":"closed","ping_status":"closed","template":"elementor_theme","meta":{"_acf_changed":false,"inline_featured_image":false,"footnotes":""},"class_list":["post-4991","page","type-page","status-publish","hentry"],"acf":[],"_links":{"self":[{"href":"https:\/\/kosi.energy\/it\/wp-json\/wp\/v2\/pages\/4991","targetHints":{"allow":["GET"]}}],"collection":[{"href":"https:\/\/kosi.energy\/it\/wp-json\/wp\/v2\/pages"}],"about":[{"href":"https:\/\/kosi.energy\/it\/wp-json\/wp\/v2\/types\/page"}],"author":[{"embeddable":true,"href":"https:\/\/kosi.energy\/it\/wp-json\/wp\/v2\/users\/4"}],"replies":[{"embeddable":true,"href":"https:\/\/kosi.energy\/it\/wp-json\/wp\/v2\/comments?post=4991"}],"version-history":[{"count":9,"href":"https:\/\/kosi.energy\/it\/wp-json\/wp\/v2\/pages\/4991\/revisions"}],"predecessor-version":[{"id":5075,"href":"https:\/\/kosi.energy\/it\/wp-json\/wp\/v2\/pages\/4991\/revisions\/5075"}],"wp:attachment":[{"href":"https:\/\/kosi.energy\/it\/wp-json\/wp\/v2\/media?parent=4991"}],"curies":[{"name":"wp","href":"https:\/\/api.w.org\/{rel}","templated":true}]}}